{"id":2,"date":"2023-10-03T21:55:12","date_gmt":"2023-10-03T21:55:12","guid":{"rendered":"https:\/\/silvapa.com\/?page_id=2"},"modified":"2024-05-08T17:49:54","modified_gmt":"2024-05-08T17:49:54","slug":"sample-page","status":"publish","type":"page","link":"https:\/\/silvapa.com\/","title":{"rendered":"Hist\u00f3ria da Empresa"},"content":{"rendered":"\n<div class=\"wp-block-media-text is-stacked-on-mobile\" style=\"grid-template-columns:35% auto\"><figure class=\"wp-block-media-text__media\"><img fetchpriority=\"high\" decoding=\"async\" width=\"507\" height=\"1024\" src=\"https:\/\/silvapa.com\/wp-content\/uploads\/2024\/01\/poster_img1-507x1024.png\" alt=\"\" class=\"wp-image-34 size-full\" srcset=\"https:\/\/silvapa.com\/wp-content\/uploads\/2024\/01\/poster_img1-507x1024.png 507w, https:\/\/silvapa.com\/wp-content\/uploads\/2024\/01\/poster_img1-148x300.png 148w, https:\/\/silvapa.com\/wp-content\/uploads\/2024\/01\/poster_img1.png 662w\" sizes=\"(max-width: 507px) 100vw, 507px\" \/><\/figure><div class=\"wp-block-media-text__content\">\n<p class=\"has-text-color has-background has-link-color wp-elements-9a57f8b7d24ec092571c841cd13eda05\" style=\"color:#451323;background-color:#abb7c221\">A Empresa SILVAPA foi criada em 1993 por Paulo e Idalina Silva na aldeia de Madeir\u00e3, Concelho de Oleiros e Distrito de Castelo-branco. A motiva\u00e7\u00e3o deste dois empreendedores resultou da vontade de valorizar os recursos naturais locais e de contribuir para o aumento das fontes de rendimento em espa\u00e7o rural. <\/p>\n\n\n\n<p class=\"has-text-color has-background has-link-color wp-elements-598d482ca7d5dad86f0582cd673a332a\" style=\"color:#451323;background-color:#abb7c221\">Inicialmente apenas dedicada \u00e0 administra\u00e7\u00e3o e gest\u00e3o de patrim\u00f3nio agroflorestal, deu inicio em 1995 \u00e0 comercializa\u00e7\u00e3o de Aguardente de Medronho. Em 2004, para al\u00e9m da comercializa\u00e7\u00e3o, come\u00e7ou a produzir Aguardente de Medronho em destilaria pr\u00f3pria segundo processo artesanal, seguindo-se a produ\u00e7\u00e3o de Licor de Medronho e a Compota de Medronho.<\/p>\n\n\n\n<p class=\"has-text-color has-background has-link-color wp-elements-809af7a3c6f8221534f0cd8f8276c6f5\" style=\"color:#451323;background-color:#abb7c221\"> Os produtos comercializados pela SILVAPA resultam da transforma\u00e7\u00e3o do Medronho, <strong>fruto do arbusto silvestre autoctone Ervedeiro ou Medronheiro (<em>Arbutus unedo<\/em>)<\/strong>. <\/p>\n<\/div><\/div>\n\n\n\n<p><\/p>\n\n\n\n<div class=\"wp-block-media-text is-stacked-on-mobile\" style=\"grid-template-columns:36% auto\"><figure class=\"wp-block-media-text__media\"><img decoding=\"async\" width=\"1024\" height=\"1024\" src=\"https:\/\/silvapa.com\/wp-content\/uploads\/2024\/01\/20231101_114754-1024x1024.jpg\" alt=\"\" class=\"wp-image-42 size-full\" srcset=\"https:\/\/silvapa.com\/wp-content\/uploads\/2024\/01\/20231101_114754-1024x1024.jpg 1024w, https:\/\/silvapa.com\/wp-content\/uploads\/2024\/01\/20231101_114754-300x300.jpg 300w, https:\/\/silvapa.com\/wp-content\/uploads\/2024\/01\/20231101_114754-150x150.jpg 150w, https:\/\/silvapa.com\/wp-content\/uploads\/2024\/01\/20231101_114754-768x768.jpg 768w, https:\/\/silvapa.com\/wp-content\/uploads\/2024\/01\/20231101_114754-1536x1536.jpg 1536w, https:\/\/silvapa.com\/wp-content\/uploads\/2024\/01\/20231101_114754-2048x2048.jpg 2048w\" sizes=\"(max-width: 1024px) 100vw, 1024px\" \/><\/figure><div class=\"wp-block-media-text__content\">\n<p class=\"has-text-color has-background has-link-color wp-elements-376734090216de016dd8d419a484f5e9\" style=\"color:#451323;background-color:#abb7c221\"> Desde tempos imemor\u00e1veis que este fruto \u00e9 utilizado na regi\u00e3o de Portugal &#8220;Pinhal Interior Sul&#8221;, na produ\u00e7\u00e3o de aguardente. No livro &#8220;Mem\u00f3rias da Vila de Oleiros e do seu Concelho&#8221; o seu autor refere que na freguesia de Madeir\u00e3 nos anos 1856 e 1857 foi a Aguardente de Medronho a sua principal riqueza.<\/p>\n\n\n\n<p class=\"has-text-color has-background has-link-color wp-elements-9d5707cac29c5896f8d5af5ba038a551\" style=\"color:#451323;background-color:#abb7c221\">A <strong>Aguardente de Medronho<\/strong> resulta da fermenta\u00e7\u00e3o e posterior destila\u00e7\u00e3o dos frutos colhidos no Medronheiro. A qualidade do produto tem sido <strong>premiada no Concurso Nacional de Aguardentes n\u00e3o Vin\u00edcolas<\/strong><\/p>\n<\/div><\/div>\n\n\n\n<p><\/p>\n\n\n\n<div class=\"wp-block-media-text is-stacked-on-mobile\" style=\"grid-template-columns:37% auto\"><figure class=\"wp-block-media-text__media\"><img decoding=\"async\" width=\"960\" height=\"720\" src=\"https:\/\/silvapa.com\/wp-content\/uploads\/2024\/01\/Silvapa_Produtos.jpg\" alt=\"\" class=\"wp-image-41 size-full\" srcset=\"https:\/\/silvapa.com\/wp-content\/uploads\/2024\/01\/Silvapa_Produtos.jpg 960w, https:\/\/silvapa.com\/wp-content\/uploads\/2024\/01\/Silvapa_Produtos-300x225.jpg 300w, https:\/\/silvapa.com\/wp-content\/uploads\/2024\/01\/Silvapa_Produtos-768x576.jpg 768w\" sizes=\"(max-width: 960px) 100vw, 960px\" \/><\/figure><div class=\"wp-block-media-text__content\">\n<p class=\"has-text-color has-background has-link-color wp-elements-4e65884a166931640f782851aeaa20ae\" style=\"color:#451323;background-color:#abb7c221\">O <strong>Licor de Medronho<\/strong> resulta fundamentalmente da macera\u00e7\u00e3o dos frutos mais vermelhos em Aguardente de Medronho. No <strong>Concurso Nacional de Licores Tradicionais<\/strong> Portuguses foi j\u00e1 reconhecido e premiado o <strong>Melhor entre os Melhores<\/strong> e recebeu j\u00e1 diversas <strong>medalhas de ouro<\/strong>.<\/p>\n\n\n\n<p class=\"has-text-color has-background has-link-color wp-elements-8f7e4e35ff646065cc53edf5272e1a9d\" style=\"color:#451323;background-color:#abb7c221\">A <strong>Compota de Medronho<\/strong> \u00e9 produzida a partir da polpa deste delicioso fruto.<\/p>\n<\/div><\/div>\n","protected":false},"excerpt":{"rendered":"<p>A Empresa SILVAPA foi criada em 1993 por Paulo e Idalina Silva na aldeia de Madeir\u00e3, Concelho de Oleiros e Distrito de Castelo-branco. A motiva\u00e7\u00e3o deste dois empreendedores resultou da &#8230;<\/p>\n","protected":false},"author":1,"featured_media":13,"parent":0,"menu_order":0,"comment_status":"closed","ping_status":"closed","template":"","meta":{"footnotes":""},"class_list":["post-2","page","type-page","status-publish","has-post-thumbnail","hentry"],"_links":{"self":[{"href":"https:\/\/silvapa.com\/index.php?rest_route=\/wp\/v2\/pages\/2","targetHints":{"allow":["GET"]}}],"collection":[{"href":"https:\/\/silvapa.com\/index.php?rest_route=\/wp\/v2\/pages"}],"about":[{"href":"https:\/\/silvapa.com\/index.php?rest_route=\/wp\/v2\/types\/page"}],"author":[{"embeddable":true,"href":"https:\/\/silvapa.com\/index.php?rest_route=\/wp\/v2\/users\/1"}],"replies":[{"embeddable":true,"href":"https:\/\/silvapa.com\/index.php?rest_route=%2Fwp%2Fv2%2Fcomments&post=2"}],"version-history":[{"count":8,"href":"https:\/\/silvapa.com\/index.php?rest_route=\/wp\/v2\/pages\/2\/revisions"}],"predecessor-version":[{"id":65,"href":"https:\/\/silvapa.com\/index.php?rest_route=\/wp\/v2\/pages\/2\/revisions\/65"}],"wp:featuredmedia":[{"embeddable":true,"href":"https:\/\/silvapa.com\/index.php?rest_route=\/wp\/v2\/media\/13"}],"wp:attachment":[{"href":"https:\/\/silvapa.com\/index.php?rest_route=%2Fwp%2Fv2%2Fmedia&parent=2"}],"curies":[{"name":"wp","href":"https:\/\/api.w.org\/{rel}","templated":true}]}}